{"id":3110,"date":"2024-03-23T22:09:18","date_gmt":"2024-03-23T21:09:18","guid":{"rendered":"https:\/\/servicia.ch\/?page_id=3110"},"modified":"2024-12-21T13:36:45","modified_gmt":"2024-12-21T12:36:45","slug":"informativa-sulla-privacy","status":"publish","type":"page","link":"https:\/\/lumiboo.ch\/it\/informativa-sulla-privacy\/","title":{"rendered":"Informativa sulla privacy"},"content":{"rendered":"<div data-elementor-type=\"wp-page\" data-elementor-id=\"3110\" class=\"elementor elementor-3110\" data-elementor-post-type=\"page\">\n\t\t\t\t\t\t<section class=\"elementor-section elementor-top-section elementor-element elementor-element-1b0dd1c elementor-section-boxed elementor-section-height-default elementor-section-height-default\" data-id=\"1b0dd1c\" data-element_type=\"section\">\n\t\t\t\t\t\t<div class=\"elementor-container elementor-column-gap-default\">\n\t\t\t\t\t<div class=\"elementor-column elementor-col-100 elementor-top-column elementor-element elementor-element-909524f\" data-id=\"909524f\" data-element_type=\"column\">\n\t\t\t<div class=\"elementor-widget-wrap elementor-element-populated\">\n\t\t\t\t\t\t<div class=\"elementor-element elementor-element-99303b5 elementor-widget elementor-widget-heading\" data-id=\"99303b5\" data-element_type=\"widget\" data-widget_type=\"heading.default\">\n\t\t\t\t<div class=\"elementor-widget-container\">\n\t\t\t\t\t<h2 class=\"elementor-heading-title elementor-size-default\">LUMIBOO SA INFORMATIVA SULLA PRIVACY\n<\/h2>\t\t\t\t<\/div>\n\t\t\t\t<\/div>\n\t\t\t\t\t<\/div>\n\t\t<\/div>\n\t\t\t\t\t<\/div>\n\t\t<\/section>\n\t\t\t\t<section class=\"elementor-section elementor-top-section elementor-element elementor-element-5400b8d elementor-section-boxed elementor-section-height-default elementor-section-height-default\" data-id=\"5400b8d\" data-element_type=\"section\">\n\t\t\t\t\t\t<div class=\"elementor-container elementor-column-gap-default\">\n\t\t\t\t\t<div class=\"elementor-column elementor-col-100 elementor-top-column elementor-element elementor-element-34756bf\" data-id=\"34756bf\" data-element_type=\"column\">\n\t\t\t<div class=\"elementor-widget-wrap elementor-element-populated\">\n\t\t\t\t\t\t<div class=\"elementor-element elementor-element-03a5df6 elementor-widget elementor-widget-text-editor\" data-id=\"03a5df6\" data-element_type=\"widget\" data-widget_type=\"text-editor.default\">\n\t\t\t\t<div class=\"elementor-widget-container\">\n\t\t\t\t\t\t\t\t\t<p class=\"font_8 wixui-rich-text__text\">La presente Informativa sulla privacy descrive le modalit\u00e0 di raccolta, utilizzo e condivisione dei vostri dati personali quando visitate\u00a0<a class=\"wixui-rich-text__text\" href=\"https:\/\/lumiboo.ch\/it\" target=\"_blank\" rel=\"noopener\" data-auto-recognition=\"true\">www.lumiboo.ch<\/a>\u00a0(il \"Sito\") o effettuare un acquisto su di esso.<\/p><p class=\"font_8 wixui-rich-text__text\">INFORMAZIONI PERSONALI RACCOLTE<\/p><p class=\"font_8 wixui-rich-text__text\">Quando visitate il Sito, raccogliamo automaticamente alcune informazioni sul vostro dispositivo, tra cui le informazioni sul vostro browser web, il vostro indirizzo IP, il vostro fuso orario e alcuni dei cookie installati sul vostro dispositivo. Inoltre, quando navigate sul Sito, raccogliamo informazioni sulle singole pagine web o sui prodotti che visitate, sui siti web o sui termini di ricerca che vi hanno portato al Sito e sulle modalit\u00e0 di interazione con il Sito. Ci riferiamo a queste informazioni raccolte automaticamente come \"Informazioni sul dispositivo\".<\/p><p class=\"font_8 wixui-rich-text__text\">Raccogliamo le Informazioni sul dispositivo utilizzando le seguenti tecnologie:<\/p><p class=\"font_8 wixui-rich-text__text\">\u00a0 COCCOLE<\/p><p class=\"font_8 wixui-rich-text__text\">Ecco un elenco dei cookie che utilizziamo. Li abbiamo elencati qui in modo che possiate scegliere se consentirli o meno.<\/p><p class=\"font_8 wixui-rich-text__text\">session_id, un identificatore di sessione univoco, che consente a WIX di memorizzare informazioni sulla sessione (referrer, pagina di riferimento, ecc.).<\/p><p class=\"font_8 wixui-rich-text__text\">_wix_visit, nessun dato conservato, persiste per 30 minuti dall'ultima visita. Utilizzato dal sistema di tracciamento delle statistiche interne del nostro provider per registrare il numero di visite.<\/p><p class=\"font_8 wixui-rich-text__text\">_wix_uniq, nessun dato conservato, scade a mezzanotte (a seconda della posizione del visitatore) del giorno successivo. Calcola il numero di visite a un negozio per cliente unico.<\/p><p class=\"font_8 wixui-rich-text__text\">carrello, identificatore unico, persiste per 2 settimane, memorizza le informazioni sul carrello.<\/p><p class=\"font_8 wixui-rich-text__text\">_secure_session_id, identificativo univoco della sessione<\/p><p class=\"font_8 wixui-rich-text__text\">storefront_digest, identificatore univoco, non definito se il negozio ha una password; viene utilizzato per sapere se il visitatore corrente ha accesso.<\/p><p class=\"font_8 wixui-rich-text__text\">\u00a0 - I \"file di log\" tracciano l'attivit\u00e0 sul Sito e raccolgono dati quali l'indirizzo IP dell'utente, il tipo di browser utilizzato, il provider di servizi Internet, le pagine di riferimento e di uscita e i dati di timestamp (data e ora).<\/p><p class=\"font_8 wixui-rich-text__text\">\u00a0 \u00a0 - I \"Web beacon\", i \"tag\" e i \"pixel\" sono file elettronici che registrano informazioni sul modo in cui l'utente naviga sul Sito.<\/p><p class=\"font_8 wixui-rich-text__text\">Inoltre, quando l'utente effettua o tenta di effettuare un acquisto tramite il Sito, raccogliamo alcune informazioni su di lui, tra cui il nome, l'indirizzo di fatturazione, l'indirizzo di spedizione, le informazioni di pagamento (compresi i numeri di carta di credito, le informazioni PayPal, le informazioni Twint), l'indirizzo e-mail e il numero di telefono.  Queste informazioni raccolte automaticamente sono denominate \"Informazioni sull'ordine\".<\/p><p class=\"font_8 wixui-rich-text__text\">Quando utilizziamo il termine \"Informazioni personali\" nella presente Informativa sulla privacy, ci riferiamo sia alle Informazioni sul dispositivo che alle Informazioni sull'ordine.<\/p><p class=\"font_8 wixui-rich-text__text\">COME UTILIZZIAMO I VOSTRI DATI PERSONALI?<\/p><p class=\"font_8 wixui-rich-text__text\">In generale, utilizziamo le Informazioni sull'ordine raccolte per elaborare qualsiasi ordine effettuato tramite il Sito (compresa l'elaborazione dei dettagli di pagamento, l'organizzazione della spedizione dell'ordine e la fornitura di fatture e\/o conferme d'ordine).  Inoltre, utilizziamo le Informazioni sull'ordine per:<\/p><p class=\"font_8 wixui-rich-text__text\">contattarti ;<\/p><p class=\"font_8 wixui-rich-text__text\">valutare potenziali frodi o rischi; e<\/p><p class=\"font_8 wixui-rich-text__text\">se corrisponde alle preferenze che ci avete comunicato, per fornirvi informazioni o pubblicit\u00e0 sui nostri prodotti o servizi.<\/p><p class=\"font_8 wixui-rich-text__text\">Utilizziamo le Informazioni sul dispositivo (in particolare l'indirizzo IP dell'utente) che raccogliamo per valutare potenziali frodi o rischi e, pi\u00f9 in generale, per migliorare e ottimizzare il nostro Sito (ad esempio, generando analisi su come i nostri clienti navigano e interagiscono con il Sito e per valutare il successo delle nostre campagne pubblicitarie e di marketing).<\/p><p class=\"font_8 wixui-rich-text__text\">CONDIVISIONE DELLE INFORMAZIONI PERSONALI<\/p><p class=\"font_8 wixui-rich-text__text\">Condividiamo i vostri dati personali con terze parti che ci aiutano a utilizzarli per gli scopi sopra descritti.  Per esempio, utilizziamo WIX per ospitare il nostro negozio online - per saperne di pi\u00f9 sull'utilizzo dei vostri dati personali da parte di WIX, visitate la pagina dedicata all'indirizzo\u00a0<a class=\"wixui-rich-text__text\" href=\"http:\/\/www.wix.com\/\" target=\"_blank\" rel=\"noopener\" data-auto-recognition=\"true\">www.wix.com<\/a>.  Utilizziamo anche Google Analytics per capire meglio come i nostri clienti utilizzano il Sito - per saperne di pi\u00f9 su come Google utilizza i vostri dati personali, visitate :\u00a0<a class=\"wixui-rich-text__text\" href=\"https:\/\/www.google.com\/intl\/fr\/policies\/privacy\/\" target=\"_blank\" rel=\"noopener\" data-auto-recognition=\"true\">https:\/\/www.google.com\/intl\/fr\/policies\/privacy\/.<\/a>\u00a0\u00a0Potete anche disattivare Google Analytics qui :\u00a0<a class=\"wixui-rich-text__text\" href=\"https:\/\/tools.google.com\/dlpage\/gaoptout.\" target=\"_blank\" rel=\"noopener\" data-auto-recognition=\"true\">https:\/\/tools.google.com\/dlpage\/gaoptout.<\/a><\/p><p class=\"font_8 wixui-rich-text__text\">Infine, possiamo anche condividere le informazioni personali dell'utente per rispettare le leggi e le normative vigenti, per rispondere a una citazione in giudizio, a un mandato di perquisizione o a un'altra richiesta legittima di informazioni che riceviamo o per proteggere i nostri diritti.<\/p><p class=\"font_8 wixui-rich-text__text\">Come descritto in precedenza, utilizziamo i vostri dati personali per fornirvi pubblicit\u00e0 mirata o messaggi di marketing che riteniamo possano essere di vostro interesse.  Per saperne di pi\u00f9 sul funzionamento della pubblicit\u00e0 mirata, potete visitare la pagina informativa della Network Advertising Initiative (NAI) al seguente indirizzo:\u00a0<a class=\"wixui-rich-text__text\" href=\"http:\/\/www.networkadvertising.org\/understanding-online-advertising\/how-does-it-work.\" target=\"_blank\" rel=\"noopener\" data-auto-recognition=\"true\">http:\/\/www.networkadvertising.org\/understanding-online-advertising\/how-does-it-work.<\/a><\/p><p class=\"font_8 wixui-rich-text__text\">Potete rifiutare la pubblicit\u00e0 mirata qui:<\/p><p class=\"font_8 wixui-rich-text__text\">\u00a0 \u00a0 FACEBOOK -\u00a0<a class=\"wixui-rich-text__text\" href=\"https:\/\/www.facebook.com\/settings\/?tab=ads\" target=\"_blank\" rel=\"noopener\" data-auto-recognition=\"true\">https:\/\/www.facebook.com\/settings\/?tab=ads<\/a><\/p><p class=\"font_8 wixui-rich-text__text\">\u00a0 \u00a0 GOOGLE -\u00a0<a class=\"wixui-rich-text__text\" href=\"https:\/\/www.google.com\/settings\/ads\/anonymous\" target=\"_blank\" rel=\"noopener\" data-auto-recognition=\"true\">https:\/\/www.google.com\/settings\/ads\/anonymous<\/a><\/p><p class=\"font_8 wixui-rich-text__text\">\u00a0 \u00a0 BING -\u00a0<a class=\"wixui-rich-text__text\" href=\"https:\/\/about.ads.microsoft.com\/fr-fr\/ressources\/politiques\/annonces-personnalisees\" target=\"_blank\" rel=\"noopener\" data-auto-recognition=\"true\">https:\/\/about.ads.microsoft.com\/fr-fr\/ressources\/politiques\/annonces-personnalisees<\/a><\/p><p class=\"font_8 wixui-rich-text__text\">\u00c8 inoltre possibile rifiutare alcuni di questi servizi visitando il portale di disattivazione di Digital Advertising Alliance al seguente indirizzo:\u00a0<a class=\"wixui-rich-text__text\" href=\"https:\/\/optout.aboutads.info\/?c=3&amp;lang=fr.\" target=\"_blank\" rel=\"noopener\" data-auto-recognition=\"true\">https:\/\/optout.aboutads.info\/?c=3&amp;lang=fr.<\/a><\/p><p class=\"font_8 wixui-rich-text__text\">NON SEGUIRE<\/p><p class=\"font_8 wixui-rich-text__text\">Si noti che non modifichiamo le pratiche di raccolta e utilizzo dei dati del nostro sito quando rileviamo un segnale \"Do Not Track\" sul vostro browser.<\/p><p class=\"font_8 wixui-rich-text__text\">I TUOI DIRITTI<\/p><p class=\"font_8 wixui-rich-text__text\">Se siete residenti in Europa, avete il diritto di accedere alle informazioni personali in nostro possesso e potete richiederne la correzione, l'aggiornamento o la cancellazione. Se desiderate esercitare questo diritto, vi preghiamo di contattarci utilizzando i dettagli riportati di seguito.<\/p><p class=\"font_8 wixui-rich-text__text\">Inoltre, se siete residenti in Europa, vi preghiamo di notare che trattiamo le vostre informazioni per adempiere ai nostri obblighi contrattuali nei vostri confronti (ad esempio se effettuate un ordine sul Sito) o per perseguire i nostri legittimi interessi commerciali sopra elencati.  Si noti inoltre che le informazioni dell'utente saranno trasferite al di fuori dell'Europa, anche in Canada e negli Stati Uniti.<\/p><p class=\"font_8 wixui-rich-text__text\">CONSERVAZIONE DEI DATI<\/p><p class=\"font_8 wixui-rich-text__text\">Quando l'utente effettua un ordine tramite il Sito, le informazioni relative all'ordine saranno conservate in archivio a meno che e fino a quando l'utente non ne chieda la cancellazione.<\/p><p class=\"font_8 wixui-rich-text__text\">CAMBIAMENTI<\/p><p class=\"font_8 wixui-rich-text__text\">Possiamo modificare la presente Informativa sulla privacy di tanto in tanto per riflettere, ad esempio, cambiamenti nelle nostre pratiche o per altre ragioni operative, legali o normative.<\/p><p class=\"font_8 wixui-rich-text__text\">CONTATTO<\/p><p class=\"font_8 wixui-rich-text__text\">Per saperne di pi\u00f9 sulle nostre pratiche di riservatezza, se avete domande o se desiderate presentare un reclamo, contattateci via e-mail all'indirizzo\u00a0<a class=\"wixui-rich-text__text\" href=\"mailto:hello@lumiboo.ch\" data-auto-recognition=\"true\">hello@lumiboo.ch<\/a>o per posta al seguente indirizzo<\/p><p class=\"font_8 wixui-rich-text__text\">\u00a0Avenue Leopold-Robert 11a, la Chaux-de-Fonds, Neuch\u00e2tel, 2300, Svizzera<\/p>\t\t\t\t\t\t\t\t<\/div>\n\t\t\t\t<\/div>\n\t\t\t\t\t<\/div>\n\t\t<\/div>\n\t\t\t\t\t<\/div>\n\t\t<\/section>\n\t\t\t\t<\/div>","protected":false},"excerpt":{"rendered":"<p>LUMIBOO SA POLITICA SULLA PRIVACY La presente politica sulla privacy descrive il modo in cui i vostri dati personali vengono raccolti, [...].<\/p>","protected":false},"author":2,"featured_media":0,"parent":0,"menu_order":0,"comment_status":"closed","ping_status":"closed","template":"elementor_canvas","meta":{"site-sidebar-layout":"no-sidebar","site-content-layout":"","ast-site-content-layout":"full-width-container","site-content-style":"default","site-sidebar-style":"default","ast-global-header-display":"","ast-banner-title-visibility":"","ast-main-header-display":"","ast-hfb-above-header-display":"","ast-hfb-below-header-display":"","ast-hfb-mobile-header-display":"","site-post-title":"disabled","ast-breadcrumbs-content":"","ast-featured-img":"disabled","footer-sml-layout":"","theme-transparent-header-meta":"","adv-header-id-meta":"","stick-header-meta":"","header-above-stick-meta":"","header-main-stick-meta":"","header-below-stick-meta":"","astra-migrate-meta-layouts":"default","ast-page-background-enabled":"default","ast-page-background-meta":{"desktop":{"background-color":"var(--ast-global-color-4)","background-image":"","background-repeat":"repeat","background-position":"center center","background-size":"auto","background-attachment":"scroll","background-type":"","background-media":"","overlay-type":"","overlay-color":"","overlay-opacity":"","overlay-gradient":""},"tablet":{"background-color":"","background-image":"","background-repeat":"repeat","background-position":"center center","background-size":"auto","background-attachment":"scroll","background-type":"","background-media":"","overlay-type":"","overlay-color":"","overlay-opacity":"","overlay-gradient":""},"mobile":{"background-color":"","background-image":"","background-repeat":"repeat","background-position":"center center","background-size":"auto","background-attachment":"scroll","background-type":"","background-media":"","overlay-type":"","overlay-color":"","overlay-opacity":"","overlay-gradient":""}},"ast-content-background-meta":{"desktop":{"background-color":"var(--ast-global-color-5)","background-image":"","background-repeat":"repeat","background-position":"center center","background-size":"auto","background-attachment":"scroll","background-type":"","background-media":"","overlay-type":"","overlay-color":"","overlay-opacity":"","overlay-gradient":""},"tablet":{"background-color":"var(--ast-global-color-5)","background-image":"","background-repeat":"repeat","background-position":"center center","background-size":"auto","background-attachment":"scroll","background-type":"","background-media":"","overlay-type":"","overlay-color":"","overlay-opacity":"","overlay-gradient":""},"mobile":{"background-color":"var(--ast-global-color-5)","background-image":"","background-repeat":"repeat","background-position":"center center","background-size":"auto","background-attachment":"scroll","background-type":"","background-media":"","overlay-type":"","overlay-color":"","overlay-opacity":"","overlay-gradient":""}},"footnotes":""},"class_list":["post-3110","page","type-page","status-publish","hentry"],"yoast_head":"<!-- This site is optimized with the Yoast SEO plugin v25.9 - https:\/\/yoast.com\/wordpress\/plugins\/seo\/ -->\n<title>Politique de confidentialit\u00e9 - Lumiboo<\/title>\n<meta name=\"robots\" content=\"index, follow, max-snippet:-1, max-image-preview:large, max-video-preview:-1\" \/>\n<link rel=\"canonical\" href=\"https:\/\/lumiboo.ch\/it\/informativa-sulla-privacy\/\" \/>\n<meta property=\"og:locale\" content=\"it_IT\" \/>\n<meta property=\"og:type\" content=\"article\" \/>\n<meta property=\"og:title\" content=\"Politique de confidentialit\u00e9 - Lumiboo\" \/>\n<meta property=\"og:description\" content=\"POLITIQUE DE CONFIDENTIALITE DE LUMIBOO SA La pr\u00e9sente Politique de confidentialit\u00e9 d\u00e9crit la fa\u00e7on dont vos informations personnelles sont recueillies, [&hellip;]\" \/>\n<meta property=\"og:url\" content=\"https:\/\/lumiboo.ch\/it\/informativa-sulla-privacy\/\" \/>\n<meta property=\"og:site_name\" content=\"Lumiboo\" \/>\n<meta property=\"article:modified_time\" content=\"2024-12-21T12:36:45+00:00\" \/>\n<meta property=\"og:image\" content=\"https:\/\/lumiboo.ch\/wp-content\/uploads\/2024\/08\/lumiboo.png\" \/>\n\t<meta property=\"og:image:width\" content=\"889\" \/>\n\t<meta property=\"og:image:height\" content=\"575\" \/>\n\t<meta property=\"og:image:type\" content=\"image\/png\" \/>\n<meta name=\"twitter:card\" content=\"summary_large_image\" \/>\n<meta name=\"twitter:label1\" content=\"Tempo di lettura stimato\" \/>\n\t<meta name=\"twitter:data1\" content=\"6 minuti\" \/>\n<script type=\"application\/ld+json\" class=\"yoast-schema-graph\">{\"@context\":\"https:\/\/schema.org\",\"@graph\":[{\"@type\":\"WebPage\",\"@id\":\"https:\/\/lumiboo.ch\/politique-de-confidentialite\/\",\"url\":\"https:\/\/lumiboo.ch\/politique-de-confidentialite\/\",\"name\":\"Politique de confidentialit\u00e9 - Lumiboo\",\"isPartOf\":{\"@id\":\"https:\/\/lumiboo.ch\/#website\"},\"datePublished\":\"2024-03-23T21:09:18+00:00\",\"dateModified\":\"2024-12-21T12:36:45+00:00\",\"breadcrumb\":{\"@id\":\"https:\/\/lumiboo.ch\/politique-de-confidentialite\/#breadcrumb\"},\"inLanguage\":\"it-IT\",\"potentialAction\":[{\"@type\":\"ReadAction\",\"target\":[\"https:\/\/lumiboo.ch\/politique-de-confidentialite\/\"]}]},{\"@type\":\"BreadcrumbList\",\"@id\":\"https:\/\/lumiboo.ch\/politique-de-confidentialite\/#breadcrumb\",\"itemListElement\":[{\"@type\":\"ListItem\",\"position\":1,\"name\":\"Accueil\",\"item\":\"https:\/\/lumiboo.ch\/\"},{\"@type\":\"ListItem\",\"position\":2,\"name\":\"Politique de confidentialit\u00e9\"}]},{\"@type\":\"WebSite\",\"@id\":\"https:\/\/lumiboo.ch\/#website\",\"url\":\"https:\/\/lumiboo.ch\/\",\"name\":\"Lumiboo\",\"description\":\"Location de Photomaton premium en Suisse\",\"publisher\":{\"@id\":\"https:\/\/lumiboo.ch\/#organization\"},\"potentialAction\":[{\"@type\":\"SearchAction\",\"target\":{\"@type\":\"EntryPoint\",\"urlTemplate\":\"https:\/\/lumiboo.ch\/?s={search_term_string}\"},\"query-input\":{\"@type\":\"PropertyValueSpecification\",\"valueRequired\":true,\"valueName\":\"search_term_string\"}}],\"inLanguage\":\"it-IT\"},{\"@type\":\"Organization\",\"@id\":\"https:\/\/lumiboo.ch\/#organization\",\"name\":\"Lumiboo\",\"url\":\"https:\/\/lumiboo.ch\/\",\"logo\":{\"@type\":\"ImageObject\",\"inLanguage\":\"it-IT\",\"@id\":\"https:\/\/lumiboo.ch\/#\/schema\/logo\/image\/\",\"url\":\"https:\/\/lumiboo.ch\/wp-content\/uploads\/2024\/07\/Logo-Lumiboo-Noir.png\",\"contentUrl\":\"https:\/\/lumiboo.ch\/wp-content\/uploads\/2024\/07\/Logo-Lumiboo-Noir.png\",\"width\":2000,\"height\":375,\"caption\":\"Lumiboo\"},\"image\":{\"@id\":\"https:\/\/lumiboo.ch\/#\/schema\/logo\/image\/\"}}]}<\/script>\n<!-- \/ Yoast SEO plugin. -->","yoast_head_json":{"title":"Informativa sulla privacy - Lumiboo","robots":{"index":"index","follow":"follow","max-snippet":"max-snippet:-1","max-image-preview":"max-image-preview:large","max-video-preview":"max-video-preview:-1"},"canonical":"https:\/\/lumiboo.ch\/it\/informativa-sulla-privacy\/","og_locale":"it_IT","og_type":"article","og_title":"Politique de confidentialit\u00e9 - Lumiboo","og_description":"POLITIQUE DE CONFIDENTIALITE DE LUMIBOO SA La pr\u00e9sente Politique de confidentialit\u00e9 d\u00e9crit la fa\u00e7on dont vos informations personnelles sont recueillies, [&hellip;]","og_url":"https:\/\/lumiboo.ch\/it\/informativa-sulla-privacy\/","og_site_name":"Lumiboo","article_modified_time":"2024-12-21T12:36:45+00:00","og_image":[{"width":889,"height":575,"url":"https:\/\/lumiboo.ch\/wp-content\/uploads\/2024\/08\/lumiboo.png","type":"image\/png"}],"twitter_card":"summary_large_image","twitter_misc":{"Tempo di lettura stimato":"6 minuti"},"schema":{"@context":"https:\/\/schema.org","@graph":[{"@type":"WebPage","@id":"https:\/\/lumiboo.ch\/politique-de-confidentialite\/","url":"https:\/\/lumiboo.ch\/politique-de-confidentialite\/","name":"Informativa sulla privacy - Lumiboo","isPartOf":{"@id":"https:\/\/lumiboo.ch\/#website"},"datePublished":"2024-03-23T21:09:18+00:00","dateModified":"2024-12-21T12:36:45+00:00","breadcrumb":{"@id":"https:\/\/lumiboo.ch\/politique-de-confidentialite\/#breadcrumb"},"inLanguage":"it-IT","potentialAction":[{"@type":"ReadAction","target":["https:\/\/lumiboo.ch\/politique-de-confidentialite\/"]}]},{"@type":"BreadcrumbList","@id":"https:\/\/lumiboo.ch\/politique-de-confidentialite\/#breadcrumb","itemListElement":[{"@type":"ListItem","position":1,"name":"Accueil","item":"https:\/\/lumiboo.ch\/"},{"@type":"ListItem","position":2,"name":"Politique de confidentialit\u00e9"}]},{"@type":"WebSite","@id":"https:\/\/lumiboo.ch\/#website","url":"https:\/\/lumiboo.ch\/","name":"Lumiboo","description":"Noleggio Photomaton premium in Svizzera","publisher":{"@id":"https:\/\/lumiboo.ch\/#organization"},"potentialAction":[{"@type":"SearchAction","target":{"@type":"EntryPoint","urlTemplate":"https:\/\/lumiboo.ch\/?s={search_term_string}"},"query-input":{"@type":"PropertyValueSpecification","valueRequired":true,"valueName":"search_term_string"}}],"inLanguage":"it-IT"},{"@type":"Organization","@id":"https:\/\/lumiboo.ch\/#organization","name":"Lumiboo","url":"https:\/\/lumiboo.ch\/","logo":{"@type":"ImageObject","inLanguage":"it-IT","@id":"https:\/\/lumiboo.ch\/#\/schema\/logo\/image\/","url":"https:\/\/lumiboo.ch\/wp-content\/uploads\/2024\/07\/Logo-Lumiboo-Noir.png","contentUrl":"https:\/\/lumiboo.ch\/wp-content\/uploads\/2024\/07\/Logo-Lumiboo-Noir.png","width":2000,"height":375,"caption":"Lumiboo"},"image":{"@id":"https:\/\/lumiboo.ch\/#\/schema\/logo\/image\/"}}]}},"_links":{"self":[{"href":"https:\/\/lumiboo.ch\/it\/wp-json\/wp\/v2\/pages\/3110","targetHints":{"allow":["GET"]}}],"collection":[{"href":"https:\/\/lumiboo.ch\/it\/wp-json\/wp\/v2\/pages"}],"about":[{"href":"https:\/\/lumiboo.ch\/it\/wp-json\/wp\/v2\/types\/page"}],"author":[{"embeddable":true,"href":"https:\/\/lumiboo.ch\/it\/wp-json\/wp\/v2\/users\/2"}],"replies":[{"embeddable":true,"href":"https:\/\/lumiboo.ch\/it\/wp-json\/wp\/v2\/comments?post=3110"}],"version-history":[{"count":10,"href":"https:\/\/lumiboo.ch\/it\/wp-json\/wp\/v2\/pages\/3110\/revisions"}],"predecessor-version":[{"id":4472,"href":"https:\/\/lumiboo.ch\/it\/wp-json\/wp\/v2\/pages\/3110\/revisions\/4472"}],"wp:attachment":[{"href":"https:\/\/lumiboo.ch\/it\/wp-json\/wp\/v2\/media?parent=3110"}],"curies":[{"name":"wp","href":"https:\/\/api.w.org\/{rel}","templated":true}]}}