{"id":3110,"date":"2024-03-23T22:09:18","date_gmt":"2024-03-23T21:09:18","guid":{"rendered":"https:\/\/servicia.ch\/?page_id=3110"},"modified":"2024-12-21T13:36:45","modified_gmt":"2024-12-21T12:36:45","slug":"privacy-policy","status":"publish","type":"page","link":"https:\/\/lumiboo.ch\/en\/privacy-policy\/","title":{"rendered":"Privacy policy"},"content":{"rendered":"<div data-elementor-type=\"wp-page\" data-elementor-id=\"3110\" class=\"elementor elementor-3110\" data-elementor-post-type=\"page\">\n\t\t\t\t\t\t<section class=\"elementor-section elementor-top-section elementor-element elementor-element-1b0dd1c elementor-section-boxed elementor-section-height-default elementor-section-height-default\" data-id=\"1b0dd1c\" data-element_type=\"section\">\n\t\t\t\t\t\t<div class=\"elementor-container elementor-column-gap-default\">\n\t\t\t\t\t<div class=\"elementor-column elementor-col-100 elementor-top-column elementor-element elementor-element-909524f\" data-id=\"909524f\" data-element_type=\"column\">\n\t\t\t<div class=\"elementor-widget-wrap elementor-element-populated\">\n\t\t\t\t\t\t<div class=\"elementor-element elementor-element-99303b5 elementor-widget elementor-widget-heading\" data-id=\"99303b5\" data-element_type=\"widget\" data-widget_type=\"heading.default\">\n\t\t\t\t<div class=\"elementor-widget-container\">\n\t\t\t\t\t<h2 class=\"elementor-heading-title elementor-size-default\">LUMIBOO SA PRIVACY POLICY\n<\/h2>\t\t\t\t<\/div>\n\t\t\t\t<\/div>\n\t\t\t\t\t<\/div>\n\t\t<\/div>\n\t\t\t\t\t<\/div>\n\t\t<\/section>\n\t\t\t\t<section class=\"elementor-section elementor-top-section elementor-element elementor-element-5400b8d elementor-section-boxed elementor-section-height-default elementor-section-height-default\" data-id=\"5400b8d\" data-element_type=\"section\">\n\t\t\t\t\t\t<div class=\"elementor-container elementor-column-gap-default\">\n\t\t\t\t\t<div class=\"elementor-column elementor-col-100 elementor-top-column elementor-element elementor-element-34756bf\" data-id=\"34756bf\" data-element_type=\"column\">\n\t\t\t<div class=\"elementor-widget-wrap elementor-element-populated\">\n\t\t\t\t\t\t<div class=\"elementor-element elementor-element-03a5df6 elementor-widget elementor-widget-text-editor\" data-id=\"03a5df6\" data-element_type=\"widget\" data-widget_type=\"text-editor.default\">\n\t\t\t\t<div class=\"elementor-widget-container\">\n\t\t\t\t\t\t\t\t\t<p class=\"font_8 wixui-rich-text__text\">This Privacy Policy describes how your personal information is collected, used and shared when you visit\u00a0<a class=\"wixui-rich-text__text\" href=\"https:\/\/lumiboo.ch\/en\" target=\"_blank\" rel=\"noopener\" data-auto-recognition=\"true\">www.lumiboo.ch<\/a>\u00a0(the \"Site\") or make a purchase.<\/p><p class=\"font_8 wixui-rich-text__text\">PERSONAL DATA COLLECTED<\/p><p class=\"font_8 wixui-rich-text__text\">When you visit the Site, we automatically collect certain information about your device, including information about your web browser, your IP address, your time zone and some of the cookies that are installed on your device. In addition, when you browse the Site, we collect information about the individual web pages or products you visit, the web sites or search terms that brought you to the Site, and information about how you interact with the Site. We refer to this automatically collected information as \"Device Information\".<\/p><p class=\"font_8 wixui-rich-text__text\">We collect Device Information using the following technologies:<\/p><p class=\"font_8 wixui-rich-text__text\">\u00a0 COOKIES<\/p><p class=\"font_8 wixui-rich-text__text\">Here is a list of the cookies we use. We have listed them here so that you can choose whether or not to allow them.<\/p><p class=\"font_8 wixui-rich-text__text\">session_id, a unique session identifier, enables WIX to store information about your session (referrer, referring page, etc.).<\/p><p class=\"font_8 wixui-rich-text__text\">_wix_visit, no data retained, persists for 30 minutes since last visit. Used by our website provider's internal statistics tracking system to record the number of visits.<\/p><p class=\"font_8 wixui-rich-text__text\">_wix_uniq, no data retained, expires at midnight (depending on visitor location) the following day. Calculates the number of visits to a store per unique customer.<\/p><p class=\"font_8 wixui-rich-text__text\">cart, unique identifier, persists for 2 weeks, stores your shopping cart information.<\/p><p class=\"font_8 wixui-rich-text__text\">_secure_session_id, unique session identifier<\/p><p class=\"font_8 wixui-rich-text__text\">storefront_digest, unique identifier, undefined if the store has a password, it is used to know if the current visitor has access.<\/p><p class=\"font_8 wixui-rich-text__text\">\u00a0 - Log files\" track Site activity and collect data such as your IP address, the type of browser you use, your Internet service provider, your referring and exit pages, and your timestamp data (date and time).<\/p><p class=\"font_8 wixui-rich-text__text\">\u00a0 \u00a0 - Web beacons\", \"tags\" and \"pixels\" are electronic files that record information about how you browse the Site.<\/p><p class=\"font_8 wixui-rich-text__text\">In addition, when you make or attempt to make a purchase through the Site, we collect certain information about you, including your name, billing address, shipping address, payment information (including credit card numbers, PayPal information, Twint), e-mail address and telephone number.  This automatically collected information is referred to as \"Order Information\".<\/p><p class=\"font_8 wixui-rich-text__text\">When we use the term \"Personal Information\" in this Privacy Policy, we are referring to both Device Information and Order Information.<\/p><p class=\"font_8 wixui-rich-text__text\">HOW DO WE USE YOUR PERSONAL INFORMATION?<\/p><p class=\"font_8 wixui-rich-text__text\">Generally, we use the Order Information we collect to process any order placed through the Site (including processing your payment information, arranging shipment of your order and providing you with invoices and\/or order confirmations).  In addition, we use Order Information to:<\/p><p class=\"font_8 wixui-rich-text__text\">contact you ;<\/p><p class=\"font_8 wixui-rich-text__text\">assess potential frauds or risks; and<\/p><p class=\"font_8 wixui-rich-text__text\">when it corresponds to the preferences you have communicated to us, provide you with information or advertisements concerning our products or services.<\/p><p class=\"font_8 wixui-rich-text__text\">We use the Device Information (in particular your IP address) we collect to evaluate potential fraud or risks and, more generally, to improve and optimize our Site (for example, by generating analyses of how our customers browse and interact with the Site, and to evaluate the success of our advertising and marketing campaigns).<\/p><p class=\"font_8 wixui-rich-text__text\">SHARING YOUR PERSONAL INFORMATION<\/p><p class=\"font_8 wixui-rich-text__text\">We share your Personal Information with third parties who help us to use it for the purposes described above.  For example, we use WIX to host our online store - to find out more about WIX's use of your Personal Information, please visit the dedicated page at\u00a0<a class=\"wixui-rich-text__text\" href=\"http:\/\/www.wix.com\/\" target=\"_blank\" rel=\"noopener\" data-auto-recognition=\"true\">www.wix.com<\/a>.  We also use Google Analytics to better understand how our customers use the Site - to find out more about how Google uses your Personal Information, please visit :\u00a0<a class=\"wixui-rich-text__text\" href=\"https:\/\/www.google.com\/intl\/fr\/policies\/privacy\/\" target=\"_blank\" rel=\"noopener\" data-auto-recognition=\"true\">https:\/\/www.google.com\/intl\/fr\/policies\/privacy\/.<\/a>\u00a0\u00a0You can also deactivate Google Analytics here :\u00a0<a class=\"wixui-rich-text__text\" href=\"https:\/\/tools.google.com\/dlpage\/gaoptout.\" target=\"_blank\" rel=\"noopener\" data-auto-recognition=\"true\">https:\/\/tools.google.com\/dlpage\/gaoptout.<\/a><\/p><p class=\"font_8 wixui-rich-text__text\">Finally, we may also share your Personal Information to comply with applicable laws and regulations, to respond to a subpoena, search warrant or other lawful request for information that we receive, or to protect our rights.<\/p><p class=\"font_8 wixui-rich-text__text\">As mentioned above, we use your Personal Information to provide you with targeted advertising or marketing messages that we think may be of interest to you.  To find out more about how targeted advertising works, you can visit the Network Advertising Initiative (NAI) information page at :\u00a0<a class=\"wixui-rich-text__text\" href=\"http:\/\/www.networkadvertising.org\/understanding-online-advertising\/how-does-it-work.\" target=\"_blank\" rel=\"noopener\" data-auto-recognition=\"true\">http:\/\/www.networkadvertising.org\/understanding-online-advertising\/how-does-it-work.<\/a><\/p><p class=\"font_8 wixui-rich-text__text\">You can refuse targeted advertising here :<\/p><p class=\"font_8 wixui-rich-text__text\">\u00a0 \u00a0 FACEBOOK -\u00a0<a class=\"wixui-rich-text__text\" href=\"https:\/\/www.facebook.com\/settings\/?tab=ads\" target=\"_blank\" rel=\"noopener\" data-auto-recognition=\"true\">https:\/\/www.facebook.com\/settings\/?tab=ads<\/a><\/p><p class=\"font_8 wixui-rich-text__text\">\u00a0 \u00a0 GOOGLE -\u00a0<a class=\"wixui-rich-text__text\" href=\"https:\/\/www.google.com\/settings\/ads\/anonymous\" target=\"_blank\" rel=\"noopener\" data-auto-recognition=\"true\">https:\/\/www.google.com\/settings\/ads\/anonymous<\/a><\/p><p class=\"font_8 wixui-rich-text__text\">\u00a0 \u00a0 BING -\u00a0<a class=\"wixui-rich-text__text\" href=\"https:\/\/about.ads.microsoft.com\/fr-fr\/ressources\/politiques\/annonces-personnalisees\" target=\"_blank\" rel=\"noopener\" data-auto-recognition=\"true\">https:\/\/about.ads.microsoft.com\/fr-fr\/ressources\/politiques\/annonces-personnalisees<\/a><\/p><p class=\"font_8 wixui-rich-text__text\">In addition, you can opt-out of some of these services by visiting the Digital Advertising Alliance opt-out portal at :\u00a0<a class=\"wixui-rich-text__text\" href=\"https:\/\/optout.aboutads.info\/?c=3&amp;lang=fr.\" target=\"_blank\" rel=\"noopener\" data-auto-recognition=\"true\">https:\/\/optout.aboutads.info\/?c=3&amp;lang=fr.<\/a><\/p><p class=\"font_8 wixui-rich-text__text\">DO NOT FOLLOW<\/p><p class=\"font_8 wixui-rich-text__text\">Please note that we do not modify our Site's data collection and usage practices when we detect a \"Do Not Track\" signal on your browser.<\/p><p class=\"font_8 wixui-rich-text__text\">YOUR RIGHTS<\/p><p class=\"font_8 wixui-rich-text__text\">If you are a European resident, you have the right to access the personal information we hold about you and to request that it be corrected, updated or deleted. If you wish to exercise this right, please contact us using the details below.<\/p><p class=\"font_8 wixui-rich-text__text\">Furthermore, if you are a European resident, please note that we process your information in order to fulfil our contractual obligations to you (for example if you place an order on the Site) or to pursue our legitimate business interests, listed above.  Please also note that your information will be transferred outside Europe, including to Canada and the United States.<\/p><p class=\"font_8 wixui-rich-text__text\">DATA RETENTION<\/p><p class=\"font_8 wixui-rich-text__text\">When you place an order through the Site, we keep your Order Information on file, unless and until you ask us to delete it.<\/p><p class=\"font_8 wixui-rich-text__text\">CHANGES<\/p><p class=\"font_8 wixui-rich-text__text\">We may change this Privacy Policy from time to time to reflect, for example, changes in our practices or for other operational, legal or regulatory reasons.<\/p><p class=\"font_8 wixui-rich-text__text\">CONTACT US<\/p><p class=\"font_8 wixui-rich-text__text\">To learn more about our privacy practices, if you have any questions or if you wish to file a complaint, please contact us by e-mail at\u00a0<a class=\"wixui-rich-text__text\" href=\"mailto:hello@lumiboo.ch\" data-auto-recognition=\"true\">hello@lumiboo.ch<\/a>or by post to the following address:<\/p><p class=\"font_8 wixui-rich-text__text\">\u00a0Avenue Leopold-Robert 11a, la Chaux-de-Fonds, Neuch\u00e2tel, 2300, Switzerland<\/p>\t\t\t\t\t\t\t\t<\/div>\n\t\t\t\t<\/div>\n\t\t\t\t\t<\/div>\n\t\t<\/div>\n\t\t\t\t\t<\/div>\n\t\t<\/section>\n\t\t\t\t<\/div>","protected":false},"excerpt":{"rendered":"<p>LUMIBOO SA PRIVACY POLICY This Privacy Policy describes how your personal information is collected, [...].<\/p>","protected":false},"author":2,"featured_media":0,"parent":0,"menu_order":0,"comment_status":"closed","ping_status":"closed","template":"elementor_canvas","meta":{"site-sidebar-layout":"no-sidebar","site-content-layout":"","ast-site-content-layout":"full-width-container","site-content-style":"default","site-sidebar-style":"default","ast-global-header-display":"","ast-banner-title-visibility":"","ast-main-header-display":"","ast-hfb-above-header-display":"","ast-hfb-below-header-display":"","ast-hfb-mobile-header-display":"","site-post-title":"disabled","ast-breadcrumbs-content":"","ast-featured-img":"disabled","footer-sml-layout":"","theme-transparent-header-meta":"","adv-header-id-meta":"","stick-header-meta":"","header-above-stick-meta":"","header-main-stick-meta":"","header-below-stick-meta":"","astra-migrate-meta-layouts":"default","ast-page-background-enabled":"default","ast-page-background-meta":{"desktop":{"background-color":"var(--ast-global-color-4)","background-image":"","background-repeat":"repeat","background-position":"center center","background-size":"auto","background-attachment":"scroll","background-type":"","background-media":"","overlay-type":"","overlay-color":"","overlay-opacity":"","overlay-gradient":""},"tablet":{"background-color":"","background-image":"","background-repeat":"repeat","background-position":"center center","background-size":"auto","background-attachment":"scroll","background-type":"","background-media":"","overlay-type":"","overlay-color":"","overlay-opacity":"","overlay-gradient":""},"mobile":{"background-color":"","background-image":"","background-repeat":"repeat","background-position":"center center","background-size":"auto","background-attachment":"scroll","background-type":"","background-media":"","overlay-type":"","overlay-color":"","overlay-opacity":"","overlay-gradient":""}},"ast-content-background-meta":{"desktop":{"background-color":"var(--ast-global-color-5)","background-image":"","background-repeat":"repeat","background-position":"center center","background-size":"auto","background-attachment":"scroll","background-type":"","background-media":"","overlay-type":"","overlay-color":"","overlay-opacity":"","overlay-gradient":""},"tablet":{"background-color":"var(--ast-global-color-5)","background-image":"","background-repeat":"repeat","background-position":"center center","background-size":"auto","background-attachment":"scroll","background-type":"","background-media":"","overlay-type":"","overlay-color":"","overlay-opacity":"","overlay-gradient":""},"mobile":{"background-color":"var(--ast-global-color-5)","background-image":"","background-repeat":"repeat","background-position":"center center","background-size":"auto","background-attachment":"scroll","background-type":"","background-media":"","overlay-type":"","overlay-color":"","overlay-opacity":"","overlay-gradient":""}},"footnotes":""},"class_list":["post-3110","page","type-page","status-publish","hentry"],"yoast_head":"<!-- This site is optimized with the Yoast SEO plugin v25.9 - https:\/\/yoast.com\/wordpress\/plugins\/seo\/ -->\n<title>Politique de confidentialit\u00e9 - Lumiboo<\/title>\n<meta name=\"robots\" content=\"index, follow, max-snippet:-1, max-image-preview:large, max-video-preview:-1\" \/>\n<link rel=\"canonical\" href=\"https:\/\/lumiboo.ch\/en\/privacy-policy\/\" \/>\n<meta property=\"og:locale\" content=\"en_US\" \/>\n<meta property=\"og:type\" content=\"article\" \/>\n<meta property=\"og:title\" content=\"Politique de confidentialit\u00e9 - Lumiboo\" \/>\n<meta property=\"og:description\" content=\"POLITIQUE DE CONFIDENTIALITE DE LUMIBOO SA La pr\u00e9sente Politique de confidentialit\u00e9 d\u00e9crit la fa\u00e7on dont vos informations personnelles sont recueillies, [&hellip;]\" \/>\n<meta property=\"og:url\" content=\"https:\/\/lumiboo.ch\/en\/privacy-policy\/\" \/>\n<meta property=\"og:site_name\" content=\"Lumiboo\" \/>\n<meta property=\"article:modified_time\" content=\"2024-12-21T12:36:45+00:00\" \/>\n<meta property=\"og:image\" content=\"https:\/\/lumiboo.ch\/wp-content\/uploads\/2024\/08\/lumiboo.png\" \/>\n\t<meta property=\"og:image:width\" content=\"889\" \/>\n\t<meta property=\"og:image:height\" content=\"575\" \/>\n\t<meta property=\"og:image:type\" content=\"image\/png\" \/>\n<meta name=\"twitter:card\" content=\"summary_large_image\" \/>\n<meta name=\"twitter:label1\" content=\"Est. reading time\" \/>\n\t<meta name=\"twitter:data1\" content=\"6 minutes\" \/>\n<script type=\"application\/ld+json\" class=\"yoast-schema-graph\">{\"@context\":\"https:\/\/schema.org\",\"@graph\":[{\"@type\":\"WebPage\",\"@id\":\"https:\/\/lumiboo.ch\/politique-de-confidentialite\/\",\"url\":\"https:\/\/lumiboo.ch\/politique-de-confidentialite\/\",\"name\":\"Politique de confidentialit\u00e9 - Lumiboo\",\"isPartOf\":{\"@id\":\"https:\/\/lumiboo.ch\/#website\"},\"datePublished\":\"2024-03-23T21:09:18+00:00\",\"dateModified\":\"2024-12-21T12:36:45+00:00\",\"breadcrumb\":{\"@id\":\"https:\/\/lumiboo.ch\/politique-de-confidentialite\/#breadcrumb\"},\"inLanguage\":\"en-US\",\"potentialAction\":[{\"@type\":\"ReadAction\",\"target\":[\"https:\/\/lumiboo.ch\/politique-de-confidentialite\/\"]}]},{\"@type\":\"BreadcrumbList\",\"@id\":\"https:\/\/lumiboo.ch\/politique-de-confidentialite\/#breadcrumb\",\"itemListElement\":[{\"@type\":\"ListItem\",\"position\":1,\"name\":\"Accueil\",\"item\":\"https:\/\/lumiboo.ch\/\"},{\"@type\":\"ListItem\",\"position\":2,\"name\":\"Politique de confidentialit\u00e9\"}]},{\"@type\":\"WebSite\",\"@id\":\"https:\/\/lumiboo.ch\/#website\",\"url\":\"https:\/\/lumiboo.ch\/\",\"name\":\"Lumiboo\",\"description\":\"Location de Photomaton premium en Suisse\",\"publisher\":{\"@id\":\"https:\/\/lumiboo.ch\/#organization\"},\"potentialAction\":[{\"@type\":\"SearchAction\",\"target\":{\"@type\":\"EntryPoint\",\"urlTemplate\":\"https:\/\/lumiboo.ch\/?s={search_term_string}\"},\"query-input\":{\"@type\":\"PropertyValueSpecification\",\"valueRequired\":true,\"valueName\":\"search_term_string\"}}],\"inLanguage\":\"en-US\"},{\"@type\":\"Organization\",\"@id\":\"https:\/\/lumiboo.ch\/#organization\",\"name\":\"Lumiboo\",\"url\":\"https:\/\/lumiboo.ch\/\",\"logo\":{\"@type\":\"ImageObject\",\"inLanguage\":\"en-US\",\"@id\":\"https:\/\/lumiboo.ch\/#\/schema\/logo\/image\/\",\"url\":\"https:\/\/lumiboo.ch\/wp-content\/uploads\/2024\/07\/Logo-Lumiboo-Noir.png\",\"contentUrl\":\"https:\/\/lumiboo.ch\/wp-content\/uploads\/2024\/07\/Logo-Lumiboo-Noir.png\",\"width\":2000,\"height\":375,\"caption\":\"Lumiboo\"},\"image\":{\"@id\":\"https:\/\/lumiboo.ch\/#\/schema\/logo\/image\/\"}}]}<\/script>\n<!-- \/ Yoast SEO plugin. -->","yoast_head_json":{"title":"Privacy policy - Lumiboo","robots":{"index":"index","follow":"follow","max-snippet":"max-snippet:-1","max-image-preview":"max-image-preview:large","max-video-preview":"max-video-preview:-1"},"canonical":"https:\/\/lumiboo.ch\/en\/privacy-policy\/","og_locale":"en_US","og_type":"article","og_title":"Politique de confidentialit\u00e9 - Lumiboo","og_description":"POLITIQUE DE CONFIDENTIALITE DE LUMIBOO SA La pr\u00e9sente Politique de confidentialit\u00e9 d\u00e9crit la fa\u00e7on dont vos informations personnelles sont recueillies, [&hellip;]","og_url":"https:\/\/lumiboo.ch\/en\/privacy-policy\/","og_site_name":"Lumiboo","article_modified_time":"2024-12-21T12:36:45+00:00","og_image":[{"width":889,"height":575,"url":"https:\/\/lumiboo.ch\/wp-content\/uploads\/2024\/08\/lumiboo.png","type":"image\/png"}],"twitter_card":"summary_large_image","twitter_misc":{"Est. reading time":"6 minutes"},"schema":{"@context":"https:\/\/schema.org","@graph":[{"@type":"WebPage","@id":"https:\/\/lumiboo.ch\/politique-de-confidentialite\/","url":"https:\/\/lumiboo.ch\/politique-de-confidentialite\/","name":"Privacy policy - Lumiboo","isPartOf":{"@id":"https:\/\/lumiboo.ch\/#website"},"datePublished":"2024-03-23T21:09:18+00:00","dateModified":"2024-12-21T12:36:45+00:00","breadcrumb":{"@id":"https:\/\/lumiboo.ch\/politique-de-confidentialite\/#breadcrumb"},"inLanguage":"en-US","potentialAction":[{"@type":"ReadAction","target":["https:\/\/lumiboo.ch\/politique-de-confidentialite\/"]}]},{"@type":"BreadcrumbList","@id":"https:\/\/lumiboo.ch\/politique-de-confidentialite\/#breadcrumb","itemListElement":[{"@type":"ListItem","position":1,"name":"Accueil","item":"https:\/\/lumiboo.ch\/"},{"@type":"ListItem","position":2,"name":"Politique de confidentialit\u00e9"}]},{"@type":"WebSite","@id":"https:\/\/lumiboo.ch\/#website","url":"https:\/\/lumiboo.ch\/","name":"Lumiboo","description":"Photomaton premium rental in Switzerland","publisher":{"@id":"https:\/\/lumiboo.ch\/#organization"},"potentialAction":[{"@type":"SearchAction","target":{"@type":"EntryPoint","urlTemplate":"https:\/\/lumiboo.ch\/?s={search_term_string}"},"query-input":{"@type":"PropertyValueSpecification","valueRequired":true,"valueName":"search_term_string"}}],"inLanguage":"en-US"},{"@type":"Organization","@id":"https:\/\/lumiboo.ch\/#organization","name":"Lumiboo","url":"https:\/\/lumiboo.ch\/","logo":{"@type":"ImageObject","inLanguage":"en-US","@id":"https:\/\/lumiboo.ch\/#\/schema\/logo\/image\/","url":"https:\/\/lumiboo.ch\/wp-content\/uploads\/2024\/07\/Logo-Lumiboo-Noir.png","contentUrl":"https:\/\/lumiboo.ch\/wp-content\/uploads\/2024\/07\/Logo-Lumiboo-Noir.png","width":2000,"height":375,"caption":"Lumiboo"},"image":{"@id":"https:\/\/lumiboo.ch\/#\/schema\/logo\/image\/"}}]}},"_links":{"self":[{"href":"https:\/\/lumiboo.ch\/en\/wp-json\/wp\/v2\/pages\/3110","targetHints":{"allow":["GET"]}}],"collection":[{"href":"https:\/\/lumiboo.ch\/en\/wp-json\/wp\/v2\/pages"}],"about":[{"href":"https:\/\/lumiboo.ch\/en\/wp-json\/wp\/v2\/types\/page"}],"author":[{"embeddable":true,"href":"https:\/\/lumiboo.ch\/en\/wp-json\/wp\/v2\/users\/2"}],"replies":[{"embeddable":true,"href":"https:\/\/lumiboo.ch\/en\/wp-json\/wp\/v2\/comments?post=3110"}],"version-history":[{"count":10,"href":"https:\/\/lumiboo.ch\/en\/wp-json\/wp\/v2\/pages\/3110\/revisions"}],"predecessor-version":[{"id":4472,"href":"https:\/\/lumiboo.ch\/en\/wp-json\/wp\/v2\/pages\/3110\/revisions\/4472"}],"wp:attachment":[{"href":"https:\/\/lumiboo.ch\/en\/wp-json\/wp\/v2\/media?parent=3110"}],"curies":[{"name":"wp","href":"https:\/\/api.w.org\/{rel}","templated":true}]}}