{"id":3110,"date":"2024-03-23T22:09:18","date_gmt":"2024-03-23T21:09:18","guid":{"rendered":"https:\/\/servicia.ch\/?page_id=3110"},"modified":"2024-12-21T13:36:45","modified_gmt":"2024-12-21T12:36:45","slug":"datenschutzrichtlinie","status":"publish","type":"page","link":"https:\/\/lumiboo.ch\/de\/datenschutzrichtlinie\/","title":{"rendered":"Datenschutzrichtlinie"},"content":{"rendered":"<div data-elementor-type=\"wp-page\" data-elementor-id=\"3110\" class=\"elementor elementor-3110\" data-elementor-post-type=\"page\">\n\t\t\t\t\t\t<section class=\"elementor-section elementor-top-section elementor-element elementor-element-1b0dd1c elementor-section-boxed elementor-section-height-default elementor-section-height-default\" data-id=\"1b0dd1c\" data-element_type=\"section\">\n\t\t\t\t\t\t<div class=\"elementor-container elementor-column-gap-default\">\n\t\t\t\t\t<div class=\"elementor-column elementor-col-100 elementor-top-column elementor-element elementor-element-909524f\" data-id=\"909524f\" data-element_type=\"column\">\n\t\t\t<div class=\"elementor-widget-wrap elementor-element-populated\">\n\t\t\t\t\t\t<div class=\"elementor-element elementor-element-99303b5 elementor-widget elementor-widget-heading\" data-id=\"99303b5\" data-element_type=\"widget\" data-widget_type=\"heading.default\">\n\t\t\t\t<div class=\"elementor-widget-container\">\n\t\t\t\t\t<h2 class=\"elementor-heading-title elementor-size-default\">VERTRAULICHKEITSRICHTLINIE VON LUMIBOO SA\n<\/h2>\t\t\t\t<\/div>\n\t\t\t\t<\/div>\n\t\t\t\t\t<\/div>\n\t\t<\/div>\n\t\t\t\t\t<\/div>\n\t\t<\/section>\n\t\t\t\t<section class=\"elementor-section elementor-top-section elementor-element elementor-element-5400b8d elementor-section-boxed elementor-section-height-default elementor-section-height-default\" data-id=\"5400b8d\" data-element_type=\"section\">\n\t\t\t\t\t\t<div class=\"elementor-container elementor-column-gap-default\">\n\t\t\t\t\t<div class=\"elementor-column elementor-col-100 elementor-top-column elementor-element elementor-element-34756bf\" data-id=\"34756bf\" data-element_type=\"column\">\n\t\t\t<div class=\"elementor-widget-wrap elementor-element-populated\">\n\t\t\t\t\t\t<div class=\"elementor-element elementor-element-03a5df6 elementor-widget elementor-widget-text-editor\" data-id=\"03a5df6\" data-element_type=\"widget\" data-widget_type=\"text-editor.default\">\n\t\t\t\t<div class=\"elementor-widget-container\">\n\t\t\t\t\t\t\t\t\t<p class=\"font_8 wixui-rich-text__text\">Diese Datenschutzrichtlinie beschreibt, wie Ihre pers\u00f6nlichen Informationen gesammelt, verwendet und weitergegeben werden, wenn Sie auf\u00a0<a class=\"wixui-rich-text__text\" href=\"https:\/\/lumiboo.ch\/de\" target=\"_blank\" rel=\"noopener\" data-auto-recognition=\"true\">www.lumiboo.ch<\/a>\u00a0(die \"Seite\") oder dass Sie dort einen Kauf t\u00e4tigen.<\/p><p class=\"font_8 wixui-rich-text__text\">GESAMMELTE PERS\u00d6NLICHE INFORMATIONEN<\/p><p class=\"font_8 wixui-rich-text__text\">Wenn Sie die Website besuchen, erfassen wir automatisch bestimmte Informationen \u00fcber Ihr Ger\u00e4t, einschlie\u00dflich Informationen \u00fcber Ihren Webbrowser, Ihre IP-Adresse, Ihre Zeitzone und einige der Cookies, die auf Ihrem Ger\u00e4t installiert sind. Wenn Sie die Website durchsuchen, sammeln wir au\u00dferdem Informationen \u00fcber die einzelnen Webseiten oder Produkte, die Sie besuchen, \u00fcber die Websites oder Suchbegriffe, \u00fcber die Sie auf die Website gelangt sind, sowie Informationen dar\u00fcber, wie Sie mit der Website interagieren. Diese automatisch gesammelten Informationen bezeichnen wir als \"Ger\u00e4teinformationen\".<\/p><p class=\"font_8 wixui-rich-text__text\">Wir sammeln Ger\u00e4teinformationen mithilfe der folgenden Technologien:<\/p><p class=\"font_8 wixui-rich-text__text\">\u00a0 COOKIES<\/p><p class=\"font_8 wixui-rich-text__text\">Hier ist eine Liste der Cookies, die wir verwenden. Wir haben sie hier aufgelistet, damit Sie die M\u00f6glichkeit haben, zu entscheiden, ob Sie sie zulassen m\u00f6chten oder nicht.<\/p><p class=\"font_8 wixui-rich-text__text\">_session_id, die eindeutige Sitzungskennung, erm\u00f6glicht es WIX, Informationen \u00fcber Ihre Sitzung zu speichern (Referrer, Landing Page, etc.).<\/p><p class=\"font_8 wixui-rich-text__text\">_wix_visit, keine Daten gespeichert, besteht f\u00fcr 30 Minuten seit dem letzten Besuch. Wird vom internen statistischen Trackingsystem des Anbieters unserer Website verwendet, um die Anzahl der Besuche zu erfassen.<\/p><p class=\"font_8 wixui-rich-text__text\">_wix_uniq, keine Daten gespeichert, l\u00e4uft um Mitternacht (abh\u00e4ngig vom Standort des Besuchers) am n\u00e4chsten Tag ab. Berechnet die Anzahl der Besuche eines Shops pro einzelnen Kunden.<\/p><p class=\"font_8 wixui-rich-text__text\">cart, eindeutige Kennung, besteht 2 Wochen lang, speichert Informationen \u00fcber Ihren Einkaufswagen.<\/p><p class=\"font_8 wixui-rich-text__text\">_secure_session_id, eindeutige Sitzungskennung<\/p><p class=\"font_8 wixui-rich-text__text\">storefront_digest, eindeutige Kennung, undefiniert wenn der Shop ein Passwort hat, wird es verwendet, um festzustellen, ob der aktuelle Besucher Zugang hat.<\/p><p class=\"font_8 wixui-rich-text__text\">\u00a0 - Die \"Protokolldateien\" verfolgen die Aktivit\u00e4ten auf der Website und sammeln Daten wie Ihre IP-Adresse, den von Ihnen verwendeten Browsertyp, Ihren Internetdienstanbieter, Ihre verweisenden und verlassenden Seiten sowie Ihre Zeitstempeldaten (Datum und Uhrzeit).<\/p><p class=\"font_8 wixui-rich-text__text\">\u00a0 \u00a0 - Web-Beacons\", \"Tags\" und \"Pixel\" sind elektronische Dateien, die Informationen dar\u00fcber aufzeichnen, wie Sie die Website durchsuchen.<\/p><p class=\"font_8 wixui-rich-text__text\">Wenn Sie \u00fcber die Website einen Kauf t\u00e4tigen oder zu t\u00e4tigen versuchen, erfassen wir au\u00dferdem bestimmte Informationen \u00fcber Sie, darunter Ihren Namen, Ihre Rechnungsadresse, Ihre Versandadresse, Ihre Zahlungsinformationen (einschlie\u00dflich Kreditkartennummern, PayPal- und Twint-Informationen), Ihre E-Mail-Adresse und Ihre Telefonnummer.  Diese automatisch erfassten Informationen werden als \"Bestellinformationen\" bezeichnet.<\/p><p class=\"font_8 wixui-rich-text__text\">Wenn wir in dieser Datenschutzrichtlinie den Begriff \"pers\u00f6nliche Informationen\" verwenden, beziehen wir uns sowohl auf Ger\u00e4te- als auch auf Bestellinformationen.<\/p><p class=\"font_8 wixui-rich-text__text\">WIE VERWENDEN WIR IHRE PERS\u00d6NLICHEN INFORMATIONEN?<\/p><p class=\"font_8 wixui-rich-text__text\">Im Allgemeinen verwenden wir die von uns erfassten Bestellinformationen, um jede \u00fcber die Website aufgegebene Bestellung zu bearbeiten (einschlie\u00dflich der Bearbeitung Ihrer Zahlungsinformationen, der Organisation des Versands Ihrer Bestellung und der Bereitstellung von Rechnungen und\/oder Bestellbest\u00e4tigungen).  Dar\u00fcber hinaus verwenden wir diese Bestellinformationen, um :<\/p><p class=\"font_8 wixui-rich-text__text\">mit Ihnen kommunizieren ;<\/p><p class=\"font_8 wixui-rich-text__text\">potenzielle Betrugsf\u00e4lle oder Risiken zu bewerten; und<\/p><p class=\"font_8 wixui-rich-text__text\">wenn es Ihren Pr\u00e4ferenzen entspricht, die Sie uns mitgeteilt haben, Ihnen Informationen oder Werbung \u00fcber unsere Produkte oder Dienstleistungen zukommen zu lassen.<\/p><p class=\"font_8 wixui-rich-text__text\">Wir verwenden die von uns erfassten Ger\u00e4teinformationen (insbesondere Ihre IP-Adresse), um potenzielle Betrugsf\u00e4lle oder Risiken zu bewerten und ganz allgemein unsere Website zu verbessern und zu optimieren (z. B. durch die Erstellung von Analysen dar\u00fcber, wie unsere Kunden die Website durchsuchen und mit ihr interagieren, und um den Erfolg unserer Werbe- und Marketingkampagnen zu bewerten).<\/p><p class=\"font_8 wixui-rich-text__text\">WEITERGABE IHRER PERS\u00d6NLICHEN INFORMATIONEN<\/p><p class=\"font_8 wixui-rich-text__text\">Wir geben Ihre Pers\u00f6nlichen Informationen an Dritte weiter, die uns dabei helfen, sie f\u00fcr die oben beschriebenen Zwecke zu nutzen.  Beispielsweise nutzen wir WIX, um unseren Online-Shop zu hosten - um mehr \u00fcber die Nutzung Ihrer Pers\u00f6nlichen Informationen durch WIX zu erfahren, besuchen Sie bitte die entsprechende Seite unter\u00a0<a class=\"wixui-rich-text__text\" href=\"http:\/\/www.wix.com\/\" target=\"_blank\" rel=\"noopener\" data-auto-recognition=\"true\">www.wix.com<\/a>.  Wir verwenden auch Google Analytics, um besser zu verstehen, wie unsere Kunden die Website nutzen - weitere Informationen \u00fcber die Verwendung Ihrer pers\u00f6nlichen Daten durch Google finden Sie auf der folgenden Seite :\u00a0<a class=\"wixui-rich-text__text\" href=\"https:\/\/www.google.com\/intl\/fr\/policies\/privacy\/\" target=\"_blank\" rel=\"noopener\" data-auto-recognition=\"true\">https:\/\/www.google.com\/intl\/fr\/policies\/privacy\/.<\/a>\u00a0\u00a0Sie k\u00f6nnen Google Analytics auch hier deaktivieren :\u00a0<a class=\"wixui-rich-text__text\" href=\"https:\/\/tools.google.com\/dlpage\/gaoptout.\" target=\"_blank\" rel=\"noopener\" data-auto-recognition=\"true\">https:\/\/tools.google.com\/dlpage\/gaoptout.<\/a><\/p><p class=\"font_8 wixui-rich-text__text\">Schlie\u00dflich k\u00f6nnen wir Ihre Pers\u00f6nlichen Informationen auch weitergeben, um geltende Gesetze und Vorschriften einzuhalten, auf eine Vorladung, einen Durchsuchungsbefehl oder eine andere rechtm\u00e4\u00dfige Anfrage nach Informationen, die wir erhalten, zu reagieren oder um unsere Rechte zu sch\u00fctzen.<\/p><p class=\"font_8 wixui-rich-text__text\">Wie oben beschrieben, verwenden wir Ihre Pers\u00f6nlichen Informationen, um Ihnen gezielte Werbung oder Marketingnachrichten anzubieten, von denen wir glauben, dass sie f\u00fcr Sie von Interesse sein k\u00f6nnten.  Wenn Sie mehr dar\u00fcber erfahren m\u00f6chten, wie gezielte Werbung funktioniert, k\u00f6nnen Sie die Informationsseite der Network Advertising Initiative (NAI) unter folgender Adresse aufrufen:\u00a0<a class=\"wixui-rich-text__text\" href=\"http:\/\/www.networkadvertising.org\/understanding-online-advertising\/how-does-it-work.\" target=\"_blank\" rel=\"noopener\" data-auto-recognition=\"true\">http:\/\/www.networkadvertising.org\/understanding-online-advertising\/how-does-it-work.<\/a><\/p><p class=\"font_8 wixui-rich-text__text\">Sie k\u00f6nnen gezielte Werbung hier ablehnen :<\/p><p class=\"font_8 wixui-rich-text__text\">\u00a0 \u00a0 FACEBOOK -\u00a0<a class=\"wixui-rich-text__text\" href=\"https:\/\/www.facebook.com\/settings\/?tab=ads\" target=\"_blank\" rel=\"noopener\" data-auto-recognition=\"true\">https:\/\/www.facebook.com\/settings\/?tab=ads<\/a><\/p><p class=\"font_8 wixui-rich-text__text\">\u00a0 \u00a0 GOOGLE -\u00a0<a class=\"wixui-rich-text__text\" href=\"https:\/\/www.google.com\/settings\/ads\/anonymous\" target=\"_blank\" rel=\"noopener\" data-auto-recognition=\"true\">https:\/\/www.google.com\/settings\/ads\/anonymous<\/a><\/p><p class=\"font_8 wixui-rich-text__text\">\u00a0 \u00a0 BING -\u00a0<a class=\"wixui-rich-text__text\" href=\"https:\/\/about.ads.microsoft.com\/fr-fr\/ressources\/politiques\/annonces-personnalisees\" target=\"_blank\" rel=\"noopener\" data-auto-recognition=\"true\">https:\/\/about.ads.microsoft.com\/fr-fr\/ressources\/politiques\/annonces-personnalisees<\/a><\/p><p class=\"font_8 wixui-rich-text__text\">Dar\u00fcber hinaus k\u00f6nnen Sie einigen dieser Dienste widersprechen, indem Sie das Deaktivierungsportal der Digital Advertising Alliance unter folgender Adresse aufrufen:\u00a0<a class=\"wixui-rich-text__text\" href=\"https:\/\/optout.aboutads.info\/?c=3&amp;lang=fr.\" target=\"_blank\" rel=\"noopener\" data-auto-recognition=\"true\">https:\/\/optout.aboutads.info\/?c=3&amp;lang=fr.<\/a><\/p><p class=\"font_8 wixui-rich-text__text\">NICHT FOLGEN<\/p><p class=\"font_8 wixui-rich-text__text\">Bitte beachten Sie, dass wir die Datenerfassung auf unserer Website und unsere Nutzungspraktiken nicht \u00e4ndern, wenn wir ein \"Nicht verfolgen\"-Signal in Ihrem Browser feststellen.<\/p><p class=\"font_8 wixui-rich-text__text\">IHRE RECHTE<\/p><p class=\"font_8 wixui-rich-text__text\">Wenn Sie in der EU ans\u00e4ssig sind, haben Sie das Recht, auf die personenbezogenen Daten zuzugreifen, die wir \u00fcber Sie gespeichert haben, und Sie k\u00f6nnen verlangen, dass diese Daten korrigiert, aktualisiert oder gel\u00f6scht werden. Wenn Sie von diesem Recht Gebrauch machen m\u00f6chten, wenden Sie sich bitte \u00fcber die unten angegebenen Kontaktdaten an uns.<\/p><p class=\"font_8 wixui-rich-text__text\">Wenn Sie in Europa ans\u00e4ssig sind, beachten Sie bitte au\u00dferdem, dass wir Ihre Informationen verarbeiten, um unsere vertraglichen Verpflichtungen Ihnen gegen\u00fcber zu erf\u00fcllen (z. B. wenn Sie eine Bestellung auf der Website aufgeben) oder um unsere berechtigten Gesch\u00e4ftsinteressen, die oben aufgef\u00fchrt sind, zu verfolgen.  Bitte beachten Sie auch, dass Ihre Informationen au\u00dferhalb Europas, einschlie\u00dflich Kanada und den Vereinigten Staaten, \u00fcbertragen werden.<\/p><p class=\"font_8 wixui-rich-text__text\">DATENSPEICHERUNG<\/p><p class=\"font_8 wixui-rich-text__text\">Wenn Sie \u00fcber die Website eine Bestellung aufgeben, speichern wir Ihre Bestellinformationen in unseren Unterlagen, es sei denn, und bis Sie uns auffordern, diese zu l\u00f6schen.<\/p><p class=\"font_8 wixui-rich-text__text\">VER\u00c4NDERUNGEN<\/p><p class=\"font_8 wixui-rich-text__text\">Wir k\u00f6nnen diese Datenschutzrichtlinie von Zeit zu Zeit \u00e4ndern, um z. B. \u00c4nderungen an unseren Praktiken oder aus anderen betrieblichen, rechtlichen oder regulatorischen Gr\u00fcnden widerzuspiegeln.<\/p><p class=\"font_8 wixui-rich-text__text\">KONTAKTIEREN SIE UNS<\/p><p class=\"font_8 wixui-rich-text__text\">Wenn Sie mehr \u00fcber unsere Datenschutzpraktiken erfahren m\u00f6chten, Fragen haben oder eine Beschwerde einreichen m\u00f6chten, kontaktieren Sie uns bitte per E-Mail an\u00a0<a class=\"wixui-rich-text__text\" href=\"mailto:hello@lumiboo.ch\" data-auto-recognition=\"true\">hello@lumiboo.ch<\/a>oder per Post an die folgende Adresse:<\/p><p class=\"font_8 wixui-rich-text__text\">\u00a0Avenue Leopold-Robert 11a, la Chaux-de-Fonds, Neuch\u00e2tel, 2300, Schweiz<\/p>\t\t\t\t\t\t\t\t<\/div>\n\t\t\t\t<\/div>\n\t\t\t\t\t<\/div>\n\t\t<\/div>\n\t\t\t\t\t<\/div>\n\t\t<\/section>\n\t\t\t\t<\/div>","protected":false},"excerpt":{"rendered":"<p>POLITIQUE DE CONFIDENTIALITE DE LUMIBOO SA La pr\u00e9sente Politique de confidentialit\u00e9 d\u00e9crit la fa\u00e7on dont vos informations personnelles sont recueillies, [&hellip;]<\/p>","protected":false},"author":2,"featured_media":0,"parent":0,"menu_order":0,"comment_status":"closed","ping_status":"closed","template":"elementor_canvas","meta":{"site-sidebar-layout":"no-sidebar","site-content-layout":"","ast-site-content-layout":"full-width-container","site-content-style":"default","site-sidebar-style":"default","ast-global-header-display":"","ast-banner-title-visibility":"","ast-main-header-display":"","ast-hfb-above-header-display":"","ast-hfb-below-header-display":"","ast-hfb-mobile-header-display":"","site-post-title":"disabled","ast-breadcrumbs-content":"","ast-featured-img":"disabled","footer-sml-layout":"","theme-transparent-header-meta":"","adv-header-id-meta":"","stick-header-meta":"","header-above-stick-meta":"","header-main-stick-meta":"","header-below-stick-meta":"","astra-migrate-meta-layouts":"default","ast-page-background-enabled":"default","ast-page-background-meta":{"desktop":{"background-color":"var(--ast-global-color-4)","background-image":"","background-repeat":"repeat","background-position":"center center","background-size":"auto","background-attachment":"scroll","background-type":"","background-media":"","overlay-type":"","overlay-color":"","overlay-opacity":"","overlay-gradient":""},"tablet":{"background-color":"","background-image":"","background-repeat":"repeat","background-position":"center center","background-size":"auto","background-attachment":"scroll","background-type":"","background-media":"","overlay-type":"","overlay-color":"","overlay-opacity":"","overlay-gradient":""},"mobile":{"background-color":"","background-image":"","background-repeat":"repeat","background-position":"center center","background-size":"auto","background-attachment":"scroll","background-type":"","background-media":"","overlay-type":"","overlay-color":"","overlay-opacity":"","overlay-gradient":""}},"ast-content-background-meta":{"desktop":{"background-color":"var(--ast-global-color-5)","background-image":"","background-repeat":"repeat","background-position":"center center","background-size":"auto","background-attachment":"scroll","background-type":"","background-media":"","overlay-type":"","overlay-color":"","overlay-opacity":"","overlay-gradient":""},"tablet":{"background-color":"var(--ast-global-color-5)","background-image":"","background-repeat":"repeat","background-position":"center center","background-size":"auto","background-attachment":"scroll","background-type":"","background-media":"","overlay-type":"","overlay-color":"","overlay-opacity":"","overlay-gradient":""},"mobile":{"background-color":"var(--ast-global-color-5)","background-image":"","background-repeat":"repeat","background-position":"center center","background-size":"auto","background-attachment":"scroll","background-type":"","background-media":"","overlay-type":"","overlay-color":"","overlay-opacity":"","overlay-gradient":""}},"footnotes":""},"class_list":["post-3110","page","type-page","status-publish","hentry"],"yoast_head":"<!-- This site is optimized with the Yoast SEO plugin v25.9 - https:\/\/yoast.com\/wordpress\/plugins\/seo\/ -->\n<title>Politique de confidentialit\u00e9 - Lumiboo<\/title>\n<meta name=\"robots\" content=\"index, follow, max-snippet:-1, max-image-preview:large, max-video-preview:-1\" \/>\n<link rel=\"canonical\" href=\"https:\/\/lumiboo.ch\/de\/datenschutzrichtlinie\/\" \/>\n<meta property=\"og:locale\" content=\"de_DE\" \/>\n<meta property=\"og:type\" content=\"article\" \/>\n<meta property=\"og:title\" content=\"Politique de confidentialit\u00e9 - Lumiboo\" \/>\n<meta property=\"og:description\" content=\"POLITIQUE DE CONFIDENTIALITE DE LUMIBOO SA La pr\u00e9sente Politique de confidentialit\u00e9 d\u00e9crit la fa\u00e7on dont vos informations personnelles sont recueillies, [&hellip;]\" \/>\n<meta property=\"og:url\" content=\"https:\/\/lumiboo.ch\/de\/datenschutzrichtlinie\/\" \/>\n<meta property=\"og:site_name\" content=\"Lumiboo\" \/>\n<meta property=\"article:modified_time\" content=\"2024-12-21T12:36:45+00:00\" \/>\n<meta property=\"og:image\" content=\"https:\/\/lumiboo.ch\/wp-content\/uploads\/2024\/08\/lumiboo.png\" \/>\n\t<meta property=\"og:image:width\" content=\"889\" \/>\n\t<meta property=\"og:image:height\" content=\"575\" \/>\n\t<meta property=\"og:image:type\" content=\"image\/png\" \/>\n<meta name=\"twitter:card\" content=\"summary_large_image\" \/>\n<meta name=\"twitter:label1\" content=\"Gesch\u00e4tzte Lesezeit\" \/>\n\t<meta name=\"twitter:data1\" content=\"6\u00a0Minuten\" \/>\n<script type=\"application\/ld+json\" class=\"yoast-schema-graph\">{\"@context\":\"https:\/\/schema.org\",\"@graph\":[{\"@type\":\"WebPage\",\"@id\":\"https:\/\/lumiboo.ch\/politique-de-confidentialite\/\",\"url\":\"https:\/\/lumiboo.ch\/politique-de-confidentialite\/\",\"name\":\"Politique de confidentialit\u00e9 - Lumiboo\",\"isPartOf\":{\"@id\":\"https:\/\/lumiboo.ch\/#website\"},\"datePublished\":\"2024-03-23T21:09:18+00:00\",\"dateModified\":\"2024-12-21T12:36:45+00:00\",\"breadcrumb\":{\"@id\":\"https:\/\/lumiboo.ch\/politique-de-confidentialite\/#breadcrumb\"},\"inLanguage\":\"de\",\"potentialAction\":[{\"@type\":\"ReadAction\",\"target\":[\"https:\/\/lumiboo.ch\/politique-de-confidentialite\/\"]}]},{\"@type\":\"BreadcrumbList\",\"@id\":\"https:\/\/lumiboo.ch\/politique-de-confidentialite\/#breadcrumb\",\"itemListElement\":[{\"@type\":\"ListItem\",\"position\":1,\"name\":\"Accueil\",\"item\":\"https:\/\/lumiboo.ch\/\"},{\"@type\":\"ListItem\",\"position\":2,\"name\":\"Politique de confidentialit\u00e9\"}]},{\"@type\":\"WebSite\",\"@id\":\"https:\/\/lumiboo.ch\/#website\",\"url\":\"https:\/\/lumiboo.ch\/\",\"name\":\"Lumiboo\",\"description\":\"Location de Photomaton premium en Suisse\",\"publisher\":{\"@id\":\"https:\/\/lumiboo.ch\/#organization\"},\"potentialAction\":[{\"@type\":\"SearchAction\",\"target\":{\"@type\":\"EntryPoint\",\"urlTemplate\":\"https:\/\/lumiboo.ch\/?s={search_term_string}\"},\"query-input\":{\"@type\":\"PropertyValueSpecification\",\"valueRequired\":true,\"valueName\":\"search_term_string\"}}],\"inLanguage\":\"de\"},{\"@type\":\"Organization\",\"@id\":\"https:\/\/lumiboo.ch\/#organization\",\"name\":\"Lumiboo\",\"url\":\"https:\/\/lumiboo.ch\/\",\"logo\":{\"@type\":\"ImageObject\",\"inLanguage\":\"de\",\"@id\":\"https:\/\/lumiboo.ch\/#\/schema\/logo\/image\/\",\"url\":\"https:\/\/lumiboo.ch\/wp-content\/uploads\/2024\/07\/Logo-Lumiboo-Noir.png\",\"contentUrl\":\"https:\/\/lumiboo.ch\/wp-content\/uploads\/2024\/07\/Logo-Lumiboo-Noir.png\",\"width\":2000,\"height\":375,\"caption\":\"Lumiboo\"},\"image\":{\"@id\":\"https:\/\/lumiboo.ch\/#\/schema\/logo\/image\/\"}}]}<\/script>\n<!-- \/ Yoast SEO plugin. -->","yoast_head_json":{"title":"Datenschutzrichtlinie - Lumiboo","robots":{"index":"index","follow":"follow","max-snippet":"max-snippet:-1","max-image-preview":"max-image-preview:large","max-video-preview":"max-video-preview:-1"},"canonical":"https:\/\/lumiboo.ch\/de\/datenschutzrichtlinie\/","og_locale":"de_DE","og_type":"article","og_title":"Politique de confidentialit\u00e9 - Lumiboo","og_description":"POLITIQUE DE CONFIDENTIALITE DE LUMIBOO SA La pr\u00e9sente Politique de confidentialit\u00e9 d\u00e9crit la fa\u00e7on dont vos informations personnelles sont recueillies, [&hellip;]","og_url":"https:\/\/lumiboo.ch\/de\/datenschutzrichtlinie\/","og_site_name":"Lumiboo","article_modified_time":"2024-12-21T12:36:45+00:00","og_image":[{"width":889,"height":575,"url":"https:\/\/lumiboo.ch\/wp-content\/uploads\/2024\/08\/lumiboo.png","type":"image\/png"}],"twitter_card":"summary_large_image","twitter_misc":{"Gesch\u00e4tzte Lesezeit":"6\u00a0Minuten"},"schema":{"@context":"https:\/\/schema.org","@graph":[{"@type":"WebPage","@id":"https:\/\/lumiboo.ch\/politique-de-confidentialite\/","url":"https:\/\/lumiboo.ch\/politique-de-confidentialite\/","name":"Datenschutzrichtlinie - Lumiboo","isPartOf":{"@id":"https:\/\/lumiboo.ch\/#website"},"datePublished":"2024-03-23T21:09:18+00:00","dateModified":"2024-12-21T12:36:45+00:00","breadcrumb":{"@id":"https:\/\/lumiboo.ch\/politique-de-confidentialite\/#breadcrumb"},"inLanguage":"de","potentialAction":[{"@type":"ReadAction","target":["https:\/\/lumiboo.ch\/politique-de-confidentialite\/"]}]},{"@type":"BreadcrumbList","@id":"https:\/\/lumiboo.ch\/politique-de-confidentialite\/#breadcrumb","itemListElement":[{"@type":"ListItem","position":1,"name":"Accueil","item":"https:\/\/lumiboo.ch\/"},{"@type":"ListItem","position":2,"name":"Politique de confidentialit\u00e9"}]},{"@type":"WebSite","@id":"https:\/\/lumiboo.ch\/#website","url":"https:\/\/lumiboo.ch\/","name":"Lumiboo","description":"Premium-Fotoautomat mieten in der Schweiz","publisher":{"@id":"https:\/\/lumiboo.ch\/#organization"},"potentialAction":[{"@type":"SearchAction","target":{"@type":"EntryPoint","urlTemplate":"https:\/\/lumiboo.ch\/?s={search_term_string}"},"query-input":{"@type":"PropertyValueSpecification","valueRequired":true,"valueName":"search_term_string"}}],"inLanguage":"de"},{"@type":"Organization","@id":"https:\/\/lumiboo.ch\/#organization","name":"Lumiboo","url":"https:\/\/lumiboo.ch\/","logo":{"@type":"ImageObject","inLanguage":"de","@id":"https:\/\/lumiboo.ch\/#\/schema\/logo\/image\/","url":"https:\/\/lumiboo.ch\/wp-content\/uploads\/2024\/07\/Logo-Lumiboo-Noir.png","contentUrl":"https:\/\/lumiboo.ch\/wp-content\/uploads\/2024\/07\/Logo-Lumiboo-Noir.png","width":2000,"height":375,"caption":"Lumiboo"},"image":{"@id":"https:\/\/lumiboo.ch\/#\/schema\/logo\/image\/"}}]}},"_links":{"self":[{"href":"https:\/\/lumiboo.ch\/de\/wp-json\/wp\/v2\/pages\/3110","targetHints":{"allow":["GET"]}}],"collection":[{"href":"https:\/\/lumiboo.ch\/de\/wp-json\/wp\/v2\/pages"}],"about":[{"href":"https:\/\/lumiboo.ch\/de\/wp-json\/wp\/v2\/types\/page"}],"author":[{"embeddable":true,"href":"https:\/\/lumiboo.ch\/de\/wp-json\/wp\/v2\/users\/2"}],"replies":[{"embeddable":true,"href":"https:\/\/lumiboo.ch\/de\/wp-json\/wp\/v2\/comments?post=3110"}],"version-history":[{"count":10,"href":"https:\/\/lumiboo.ch\/de\/wp-json\/wp\/v2\/pages\/3110\/revisions"}],"predecessor-version":[{"id":4472,"href":"https:\/\/lumiboo.ch\/de\/wp-json\/wp\/v2\/pages\/3110\/revisions\/4472"}],"wp:attachment":[{"href":"https:\/\/lumiboo.ch\/de\/wp-json\/wp\/v2\/media?parent=3110"}],"curies":[{"name":"wp","href":"https:\/\/api.w.org\/{rel}","templated":true}]}}